{"id":175,"date":"2021-02-04T16:23:14","date_gmt":"2021-02-04T16:23:14","guid":{"rendered":"https:\/\/agrivalor.ch\/de\/?page_id=175"},"modified":"2021-02-04T16:24:13","modified_gmt":"2021-02-04T16:24:13","slug":"pachtzins-2018","status":"publish","type":"page","link":"https:\/\/agrivalor.ch\/de\/pachtzins-2018\/","title":{"rendered":"Pachtzins 2018"},"content":{"rendered":"\t\t<div data-elementor-type=\"wp-page\" data-elementor-id=\"175\" class=\"elementor elementor-175\">\n\t\t\t\t\t\t<section class=\"elementor-section elementor-top-section elementor-element elementor-element-3049eec elementor-section-boxed elementor-section-height-default elementor-section-height-default\" data-id=\"3049eec\" data-element_type=\"section\" data-e-type=\"section\">\n\t\t\t\t\t\t<div class=\"elementor-container elementor-column-gap-default\">\n\t\t\t\t\t<div class=\"elementor-column elementor-col-100 elementor-top-column elementor-element elementor-element-659cba7\" data-id=\"659cba7\" data-element_type=\"column\" data-e-type=\"column\">\n\t\t\t<div class=\"elementor-widget-wrap elementor-element-populated\">\n\t\t\t\t\t\t<div class=\"elementor-element elementor-element-0ef8b2b elementor-widget elementor-widget-heading\" data-id=\"0ef8b2b\" data-element_type=\"widget\" data-e-type=\"widget\" data-widget_type=\"heading.default\">\n\t\t\t\t<div class=\"elementor-widget-container\">\n\t\t\t\t\t<h1 class=\"elementor-heading-title elementor-size-default\">Pachtzins 2018<\/h1>\t\t\t\t<\/div>\n\t\t\t\t<\/div>\n\t\t\t\t\t<\/div>\n\t\t<\/div>\n\t\t\t\t\t<\/div>\n\t\t<\/section>\n\t\t\t\t<section class=\"elementor-section elementor-top-section elementor-element elementor-element-e524d9d elementor-section-boxed elementor-section-height-default elementor-section-height-default\" data-id=\"e524d9d\" data-element_type=\"section\" data-e-type=\"section\">\n\t\t\t\t\t\t<div class=\"elementor-container elementor-column-gap-default\">\n\t\t\t\t\t<div class=\"elementor-column elementor-col-100 elementor-top-column elementor-element elementor-element-81b84b1\" data-id=\"81b84b1\" data-element_type=\"column\" data-e-type=\"column\">\n\t\t\t<div class=\"elementor-widget-wrap elementor-element-populated\">\n\t\t\t\t\t\t<div class=\"elementor-element elementor-element-abf56d9 elementor-widget elementor-widget-text-editor\" data-id=\"abf56d9\" data-element_type=\"widget\" data-e-type=\"widget\" data-widget_type=\"text-editor.default\">\n\t\t\t\t<div class=\"elementor-widget-container\">\n\t\t\t\t\t\t\t\t\t<p><strong>Neue Pachtzinsverordnung ab 2018<\/strong><\/p><p>Mit der\u00a0<a href=\"https:\/\/www.agriexpert.ch\/?id=21150\">Anpassung des Ertragswertes<\/a>\u00a0ist gleichzeitig auch eine \u00c4nderung der Berechnung des h\u00f6chstzul\u00e4ssigen Pachtzinses verbunden. Die \u00c4nderung der Pachtzinsverordnung entspricht dem Verhandlungsergebnis des P\u00e4chterverbandes mit dem Verband landwirtschaftlicher Grundeigent\u00fcmer. Prim\u00e4res Ziel war es demnach, die landwirtschaftliche Gewerbepacht gegen\u00fcber der parzellenweisen Verpachtung zu st\u00e4rken. Zudem wird dem gesetzlichen Auftrag zur Abgeltung der Verp\u00e4chterlasten nachgekommen.<\/p><p>Erfahren Sie\u00a0<a href=\"https:\/\/agrivalor.ch\/wp-content\/uploads\/2018\/05\/%C3%84nderungen-bei-der-Pachtzinsverordnung-ab-1.-April-2018-1.pdf\">hier<\/a>\u00a0mehr zum Pachtzins ab April 2018.<\/p>\t\t\t\t\t\t\t\t<\/div>\n\t\t\t\t<\/div>\n\t\t\t\t\t<\/div>\n\t\t<\/div>\n\t\t\t\t\t<\/div>\n\t\t<\/section>\n\t\t\t\t<\/div>\n\t\t","protected":false},"excerpt":{"rendered":"<p>Pachtzins 2018 Neue Pachtzinsverordnung ab 2018 Mit der\u00a0Anpassung des Ertragswertes\u00a0ist gleichzeitig auch eine \u00c4nderung der Berechnung des h\u00f6chstzul\u00e4ssigen Pachtzinses verbunden. Die \u00c4nderung der Pachtzinsverordnung entspricht dem Verhandlungsergebnis des P\u00e4chterverbandes mit dem Verband landwirtschaftlicher Grundeigent\u00fcmer. Prim\u00e4res Ziel war es demnach, die landwirtschaftliche Gewerbepacht gegen\u00fcber der parzellenweisen Verpachtung zu st\u00e4rken. Zudem wird dem gesetzlichen Auftrag zur Abgeltung [&hellip;]<\/p>\n","protected":false},"author":1,"featured_media":0,"parent":0,"menu_order":0,"comment_status":"closed","ping_status":"closed","template":"","meta":{"_acf_changed":false,"footnotes":""},"class_list":["post-175","page","type-page","status-publish","hentry"],"acf":[],"_links":{"self":[{"href":"https:\/\/agrivalor.ch\/de\/wp-json\/wp\/v2\/pages\/175","targetHints":{"allow":["GET"]}}],"collection":[{"href":"https:\/\/agrivalor.ch\/de\/wp-json\/wp\/v2\/pages"}],"about":[{"href":"https:\/\/agrivalor.ch\/de\/wp-json\/wp\/v2\/types\/page"}],"author":[{"embeddable":true,"href":"https:\/\/agrivalor.ch\/de\/wp-json\/wp\/v2\/users\/1"}],"replies":[{"embeddable":true,"href":"https:\/\/agrivalor.ch\/de\/wp-json\/wp\/v2\/comments?post=175"}],"version-history":[{"count":3,"href":"https:\/\/agrivalor.ch\/de\/wp-json\/wp\/v2\/pages\/175\/revisions"}],"predecessor-version":[{"id":179,"href":"https:\/\/agrivalor.ch\/de\/wp-json\/wp\/v2\/pages\/175\/revisions\/179"}],"wp:attachment":[{"href":"https:\/\/agrivalor.ch\/de\/wp-json\/wp\/v2\/media?parent=175"}],"curies":[{"name":"wp","href":"https:\/\/api.w.org\/{rel}","templated":true}]}}