{"id":176,"date":"2021-02-04T16:23:31","date_gmt":"2021-02-04T16:23:31","guid":{"rendered":"https:\/\/agrivalor.ch\/de\/?page_id=176"},"modified":"2021-02-04T16:25:26","modified_gmt":"2021-02-04T16:25:26","slug":"software-infos","status":"publish","type":"page","link":"https:\/\/agrivalor.ch\/de\/software-infos\/","title":{"rendered":"Software-Infos"},"content":{"rendered":"\t\t<div data-elementor-type=\"wp-page\" data-elementor-id=\"176\" class=\"elementor elementor-176\">\n\t\t\t\t\t\t<section class=\"elementor-section elementor-top-section elementor-element elementor-element-3049eec elementor-section-boxed elementor-section-height-default elementor-section-height-default\" data-id=\"3049eec\" data-element_type=\"section\" data-e-type=\"section\">\n\t\t\t\t\t\t<div class=\"elementor-container elementor-column-gap-default\">\n\t\t\t\t\t<div class=\"elementor-column elementor-col-100 elementor-top-column elementor-element elementor-element-659cba7\" data-id=\"659cba7\" data-element_type=\"column\" data-e-type=\"column\">\n\t\t\t<div class=\"elementor-widget-wrap elementor-element-populated\">\n\t\t\t\t\t\t<div class=\"elementor-element elementor-element-0ef8b2b elementor-widget elementor-widget-heading\" data-id=\"0ef8b2b\" data-element_type=\"widget\" data-e-type=\"widget\" data-widget_type=\"heading.default\">\n\t\t\t\t<div class=\"elementor-widget-container\">\n\t\t\t\t\t<h1 class=\"elementor-heading-title elementor-size-default\">Software-Infos<\/h1>\t\t\t\t<\/div>\n\t\t\t\t<\/div>\n\t\t\t\t\t<\/div>\n\t\t<\/div>\n\t\t\t\t\t<\/div>\n\t\t<\/section>\n\t\t\t\t<section class=\"elementor-section elementor-top-section elementor-element elementor-element-e524d9d elementor-section-boxed elementor-section-height-default elementor-section-height-default\" data-id=\"e524d9d\" data-element_type=\"section\" data-e-type=\"section\">\n\t\t\t\t\t\t<div class=\"elementor-container elementor-column-gap-default\">\n\t\t\t\t\t<div class=\"elementor-column elementor-col-100 elementor-top-column elementor-element elementor-element-81b84b1\" data-id=\"81b84b1\" data-element_type=\"column\" data-e-type=\"column\">\n\t\t\t<div class=\"elementor-widget-wrap elementor-element-populated\">\n\t\t\t\t\t\t<div class=\"elementor-element elementor-element-abf56d9 elementor-widget elementor-widget-text-editor\" data-id=\"abf56d9\" data-element_type=\"widget\" data-e-type=\"widget\" data-widget_type=\"text-editor.default\">\n\t\t\t\t<div class=\"elementor-widget-container\">\n\t\t\t\t\t\t\t\t\t<p>Agrivalor\u00ae \u2013 Das Programm zur Sch\u00e4tzung des landwirtschaftlichen Ertragswertes.<\/p><p>F\u00fcr eine Hof\u00fcbergabe, eine Finanzierungsanfrage, eine Pachtzinsanpassung oder zu Steuerzwecken ben\u00f6tigen Sie den Ertragswert. Mit Agrivalor\u00ae kann dieser einfach und schnell ermittelt werden.<\/p><p>Agrivalor\u00ae bietet Ihnen folgende Vorteile:<\/p><ul><li>webbasiert, bedarf keiner Installation auf Ihrem Computer, unabh\u00e4ngig vom Betriebssystem<\/li><li>sichere Datenverwaltung (Server befindet sich in der Schweiz)<\/li><li>auf mobilen Ger\u00e4ten anwendbar<\/li><li>Datenerfassung mit Aufnahmeformular (PDF) m\u00f6glich<\/li><li>Resultate basieren auf der aktuellsten Sch\u00e4tzungsanleitung<\/li><li>Fachsupport und Weiterentwicklung durch\u00a0<a href=\"http:\/\/www.agriexpert.ch\/\">Agriexpert<\/a><\/li><\/ul>\t\t\t\t\t\t\t\t<\/div>\n\t\t\t\t<\/div>\n\t\t\t\t\t<\/div>\n\t\t<\/div>\n\t\t\t\t\t<\/div>\n\t\t<\/section>\n\t\t\t\t<\/div>\n\t\t","protected":false},"excerpt":{"rendered":"<p>Software-Infos Agrivalor\u00ae \u2013 Das Programm zur Sch\u00e4tzung des landwirtschaftlichen Ertragswertes. F\u00fcr eine Hof\u00fcbergabe, eine Finanzierungsanfrage, eine Pachtzinsanpassung oder zu Steuerzwecken ben\u00f6tigen Sie den Ertragswert. Mit Agrivalor\u00ae kann dieser einfach und schnell ermittelt werden. Agrivalor\u00ae bietet Ihnen folgende Vorteile: webbasiert, bedarf keiner Installation auf Ihrem Computer, unabh\u00e4ngig vom Betriebssystem sichere Datenverwaltung (Server befindet sich in der [&hellip;]<\/p>\n","protected":false},"author":1,"featured_media":0,"parent":0,"menu_order":0,"comment_status":"closed","ping_status":"closed","template":"","meta":{"_acf_changed":false,"footnotes":""},"class_list":["post-176","page","type-page","status-publish","hentry"],"acf":[],"_links":{"self":[{"href":"https:\/\/agrivalor.ch\/de\/wp-json\/wp\/v2\/pages\/176","targetHints":{"allow":["GET"]}}],"collection":[{"href":"https:\/\/agrivalor.ch\/de\/wp-json\/wp\/v2\/pages"}],"about":[{"href":"https:\/\/agrivalor.ch\/de\/wp-json\/wp\/v2\/types\/page"}],"author":[{"embeddable":true,"href":"https:\/\/agrivalor.ch\/de\/wp-json\/wp\/v2\/users\/1"}],"replies":[{"embeddable":true,"href":"https:\/\/agrivalor.ch\/de\/wp-json\/wp\/v2\/comments?post=176"}],"version-history":[{"count":3,"href":"https:\/\/agrivalor.ch\/de\/wp-json\/wp\/v2\/pages\/176\/revisions"}],"predecessor-version":[{"id":182,"href":"https:\/\/agrivalor.ch\/de\/wp-json\/wp\/v2\/pages\/176\/revisions\/182"}],"wp:attachment":[{"href":"https:\/\/agrivalor.ch\/de\/wp-json\/wp\/v2\/media?parent=176"}],"curies":[{"name":"wp","href":"https:\/\/api.w.org\/{rel}","templated":true}]}}