{"id":183,"date":"2021-02-04T16:25:48","date_gmt":"2021-02-04T16:25:48","guid":{"rendered":"https:\/\/agrivalor.ch\/de\/?page_id=183"},"modified":"2023-02-21T14:17:29","modified_gmt":"2023-02-21T14:17:29","slug":"tarife","status":"publish","type":"page","link":"https:\/\/agrivalor.ch\/de\/tarife\/","title":{"rendered":"Tarife"},"content":{"rendered":"<h1>Tarife<\/h1>\n<h3><strong>Angebot f\u00fcr Agrivalor\u00ae \u201cNormalbetrieb\u201d<\/strong><\/h3>\n<p>Wir unterbreiten Ihnen folgende Angebote:<\/p>\n<p><strong>Einzelsch\u00e4tzung, pro Bewertung<\/strong><br \/>\nVorauszahlung<br \/>\nVertragszustimmung online<br \/>\nvorg\u00e4ngige Freischaltung des Nutzers<br \/>\nKostenpunkt: CHF 165.\u2013 exkl. MwSt.<\/p>\n<p><strong>Jahreslizenz<\/strong><br \/>\n150 Sch\u00e4tzungen pro Jahr mit schriftlichem Lizenzvertrag im Voraus<br \/>\nKostenpunkt: CHF 900.\u2013 exkl. MwSt.<\/p>\n<p>Nutzungsabh\u00e4ngige Lizenzgeb\u00fchr pro Sch\u00e4tzungseinheit (Betrieb\/Grundst\u00fccke)<br \/>\nKostenpunkt: CHF 31.\u2013 exkl. MwSt.<br \/>\nDie nutzungsabh\u00e4ngige Lizenzgeb\u00fchr wird periodisch in Rechnung gestellt.<\/p>\n","protected":false},"excerpt":{"rendered":"<p>Tarife Angebot f\u00fcr Agrivalor\u00ae \u201cNormalbetrieb\u201d Wir unterbreiten Ihnen folgende Angebote: Einzelsch\u00e4tzung, pro Bewertung Vorauszahlung Vertragszustimmung online vorg\u00e4ngige Freischaltung des Nutzers Kostenpunkt: CHF 165.\u2013 exkl. MwSt. Jahreslizenz 150 Sch\u00e4tzungen pro Jahr mit schriftlichem Lizenzvertrag im Voraus Kostenpunkt: CHF 900.\u2013 exkl. MwSt. Nutzungsabh\u00e4ngige Lizenzgeb\u00fchr pro Sch\u00e4tzungseinheit (Betrieb\/Grundst\u00fccke) Kostenpunkt: CHF 31.\u2013 exkl. MwSt. Die nutzungsabh\u00e4ngige Lizenzgeb\u00fchr wird periodisch [&hellip;]<\/p>\n","protected":false},"author":1,"featured_media":0,"parent":0,"menu_order":0,"comment_status":"closed","ping_status":"closed","template":"","meta":{"_acf_changed":false,"footnotes":""},"class_list":["post-183","page","type-page","status-publish","hentry"],"acf":[],"_links":{"self":[{"href":"https:\/\/agrivalor.ch\/de\/wp-json\/wp\/v2\/pages\/183","targetHints":{"allow":["GET"]}}],"collection":[{"href":"https:\/\/agrivalor.ch\/de\/wp-json\/wp\/v2\/pages"}],"about":[{"href":"https:\/\/agrivalor.ch\/de\/wp-json\/wp\/v2\/types\/page"}],"author":[{"embeddable":true,"href":"https:\/\/agrivalor.ch\/de\/wp-json\/wp\/v2\/users\/1"}],"replies":[{"embeddable":true,"href":"https:\/\/agrivalor.ch\/de\/wp-json\/wp\/v2\/comments?post=183"}],"version-history":[{"count":6,"href":"https:\/\/agrivalor.ch\/de\/wp-json\/wp\/v2\/pages\/183\/revisions"}],"predecessor-version":[{"id":579,"href":"https:\/\/agrivalor.ch\/de\/wp-json\/wp\/v2\/pages\/183\/revisions\/579"}],"wp:attachment":[{"href":"https:\/\/agrivalor.ch\/de\/wp-json\/wp\/v2\/media?parent=183"}],"curies":[{"name":"wp","href":"https:\/\/api.w.org\/{rel}","templated":true}]}}