{"id":185,"date":"2021-02-04T16:25:50","date_gmt":"2021-02-04T16:25:50","guid":{"rendered":"https:\/\/agrivalor.ch\/de\/?page_id=185"},"modified":"2021-02-04T16:29:24","modified_gmt":"2021-02-04T16:29:24","slug":"haftung","status":"publish","type":"page","link":"https:\/\/agrivalor.ch\/de\/haftung\/","title":{"rendered":"Haftung"},"content":{"rendered":"\t\t<div data-elementor-type=\"wp-page\" data-elementor-id=\"185\" class=\"elementor elementor-185\">\n\t\t\t\t\t\t<section class=\"elementor-section elementor-top-section elementor-element elementor-element-3049eec elementor-section-boxed elementor-section-height-default elementor-section-height-default\" data-id=\"3049eec\" data-element_type=\"section\" data-e-type=\"section\">\n\t\t\t\t\t\t<div class=\"elementor-container elementor-column-gap-default\">\n\t\t\t\t\t<div class=\"elementor-column elementor-col-100 elementor-top-column elementor-element elementor-element-659cba7\" data-id=\"659cba7\" data-element_type=\"column\" data-e-type=\"column\">\n\t\t\t<div class=\"elementor-widget-wrap elementor-element-populated\">\n\t\t\t\t\t\t<div class=\"elementor-element elementor-element-0ef8b2b elementor-widget elementor-widget-heading\" data-id=\"0ef8b2b\" data-element_type=\"widget\" data-e-type=\"widget\" data-widget_type=\"heading.default\">\n\t\t\t\t<div class=\"elementor-widget-container\">\n\t\t\t\t\t<h1 class=\"elementor-heading-title elementor-size-default\">Haftung<\/h1>\t\t\t\t<\/div>\n\t\t\t\t<\/div>\n\t\t\t\t\t<\/div>\n\t\t<\/div>\n\t\t\t\t\t<\/div>\n\t\t<\/section>\n\t\t\t\t<section class=\"elementor-section elementor-top-section elementor-element elementor-element-e524d9d elementor-section-boxed elementor-section-height-default elementor-section-height-default\" data-id=\"e524d9d\" data-element_type=\"section\" data-e-type=\"section\">\n\t\t\t\t\t\t<div class=\"elementor-container elementor-column-gap-default\">\n\t\t\t\t\t<div class=\"elementor-column elementor-col-100 elementor-top-column elementor-element elementor-element-81b84b1\" data-id=\"81b84b1\" data-element_type=\"column\" data-e-type=\"column\">\n\t\t\t<div class=\"elementor-widget-wrap elementor-element-populated\">\n\t\t\t\t\t\t<div class=\"elementor-element elementor-element-abf56d9 elementor-widget elementor-widget-text-editor\" data-id=\"abf56d9\" data-element_type=\"widget\" data-e-type=\"widget\" data-widget_type=\"text-editor.default\">\n\t\t\t\t<div class=\"elementor-widget-container\">\n\t\t\t\t\t\t\t\t\t<p>F\u00fcr direkte oder unmittelbare Sch\u00e4den haftet die Lizenzgeberin gegen\u00fcber dem Lizenznehmer nur bis zum Betrag einer j\u00e4hrlichen Lizenzgeb\u00fchr. Die Haftung f\u00fcr indirekte oder mittelbare Sch\u00e4den wird hiermit ausgeschlossen. Haftungsbeschr\u00e4nkung und Haftungsausschluss gelten sowohl f\u00fcr vertragliche als auch f\u00fcr ausservertragliche bzw. quasivertragliche Anspr\u00fcche.<\/p><p>Der Lizenznehmer haftet ausdr\u00fccklich f\u00fcr alle Sch\u00e4den gegen\u00fcber der Lizenzgeberin, die aufgrund von Urheberrechtsverletzungen entstehen.<\/p><p>Vorbehalten bleibt die Haftung der Parteien f\u00fcr Sch\u00e4den an der Software, die durch vors\u00e4tzliches oder grobfahrl\u00e4ssiges Verhalten verursacht wurden, sowie die unter Ziffer IV.A des Lizenzvertrags (s. Lizenzvertrag) aufgef\u00fchrte Freistellungsverpflichtung.<\/p><p>Weitere Bestimmungen entnehmen Sie bitte dem Lizenzvertrag:<\/p><p><a href=\"https:\/\/agrivalor.ch\/downloads\/lizenzvertrag-jahreslizenz-2\/\">Lizenzvertrag Einzelbewertung<\/a><br \/><a href=\"https:\/\/agrivalor.ch\/downloads\/lizenzvertrag-jahreslizenz\/\">Lizenzvertrag Jahreslizenz<\/a><\/p>\t\t\t\t\t\t\t\t<\/div>\n\t\t\t\t<\/div>\n\t\t\t\t\t<\/div>\n\t\t<\/div>\n\t\t\t\t\t<\/div>\n\t\t<\/section>\n\t\t\t\t<\/div>\n\t\t","protected":false},"excerpt":{"rendered":"<p>Haftung F\u00fcr direkte oder unmittelbare Sch\u00e4den haftet die Lizenzgeberin gegen\u00fcber dem Lizenznehmer nur bis zum Betrag einer j\u00e4hrlichen Lizenzgeb\u00fchr. Die Haftung f\u00fcr indirekte oder mittelbare Sch\u00e4den wird hiermit ausgeschlossen. Haftungsbeschr\u00e4nkung und Haftungsausschluss gelten sowohl f\u00fcr vertragliche als auch f\u00fcr ausservertragliche bzw. quasivertragliche Anspr\u00fcche. Der Lizenznehmer haftet ausdr\u00fccklich f\u00fcr alle Sch\u00e4den gegen\u00fcber der Lizenzgeberin, die aufgrund [&hellip;]<\/p>\n","protected":false},"author":1,"featured_media":0,"parent":0,"menu_order":0,"comment_status":"closed","ping_status":"closed","template":"","meta":{"_acf_changed":false,"footnotes":""},"class_list":["post-185","page","type-page","status-publish","hentry"],"acf":[],"_links":{"self":[{"href":"https:\/\/agrivalor.ch\/de\/wp-json\/wp\/v2\/pages\/185","targetHints":{"allow":["GET"]}}],"collection":[{"href":"https:\/\/agrivalor.ch\/de\/wp-json\/wp\/v2\/pages"}],"about":[{"href":"https:\/\/agrivalor.ch\/de\/wp-json\/wp\/v2\/types\/page"}],"author":[{"embeddable":true,"href":"https:\/\/agrivalor.ch\/de\/wp-json\/wp\/v2\/users\/1"}],"replies":[{"embeddable":true,"href":"https:\/\/agrivalor.ch\/de\/wp-json\/wp\/v2\/comments?post=185"}],"version-history":[{"count":3,"href":"https:\/\/agrivalor.ch\/de\/wp-json\/wp\/v2\/pages\/185\/revisions"}],"predecessor-version":[{"id":195,"href":"https:\/\/agrivalor.ch\/de\/wp-json\/wp\/v2\/pages\/185\/revisions\/195"}],"wp:attachment":[{"href":"https:\/\/agrivalor.ch\/de\/wp-json\/wp\/v2\/media?parent=185"}],"curies":[{"name":"wp","href":"https:\/\/api.w.org\/{rel}","templated":true}]}}