{"id":186,"date":"2021-02-04T16:25:51","date_gmt":"2021-02-04T16:25:51","guid":{"rendered":"https:\/\/agrivalor.ch\/de\/?page_id=186"},"modified":"2021-02-04T16:29:54","modified_gmt":"2021-02-04T16:29:54","slug":"haufige-fragen","status":"publish","type":"page","link":"https:\/\/agrivalor.ch\/de\/haufige-fragen\/","title":{"rendered":"H\u00e4ufige Fragen"},"content":{"rendered":"\t\t<div data-elementor-type=\"wp-page\" data-elementor-id=\"186\" class=\"elementor elementor-186\">\n\t\t\t\t\t\t<section class=\"elementor-section elementor-top-section elementor-element elementor-element-3049eec elementor-section-boxed elementor-section-height-default elementor-section-height-default\" data-id=\"3049eec\" data-element_type=\"section\" data-e-type=\"section\">\n\t\t\t\t\t\t<div class=\"elementor-container elementor-column-gap-default\">\n\t\t\t\t\t<div class=\"elementor-column elementor-col-100 elementor-top-column elementor-element elementor-element-659cba7\" data-id=\"659cba7\" data-element_type=\"column\" data-e-type=\"column\">\n\t\t\t<div class=\"elementor-widget-wrap elementor-element-populated\">\n\t\t\t\t\t\t<div class=\"elementor-element elementor-element-0ef8b2b elementor-widget elementor-widget-heading\" data-id=\"0ef8b2b\" data-element_type=\"widget\" data-e-type=\"widget\" data-widget_type=\"heading.default\">\n\t\t\t\t<div class=\"elementor-widget-container\">\n\t\t\t\t\t<h1 class=\"elementor-heading-title elementor-size-default\">H\u00e4ufige Fragen<\/h1>\t\t\t\t<\/div>\n\t\t\t\t<\/div>\n\t\t\t\t\t<\/div>\n\t\t<\/div>\n\t\t\t\t\t<\/div>\n\t\t<\/section>\n\t\t\t\t<section class=\"elementor-section elementor-top-section elementor-element elementor-element-e524d9d elementor-section-boxed elementor-section-height-default elementor-section-height-default\" data-id=\"e524d9d\" data-element_type=\"section\" data-e-type=\"section\">\n\t\t\t\t\t\t<div class=\"elementor-container elementor-column-gap-default\">\n\t\t\t\t\t<div class=\"elementor-column elementor-col-100 elementor-top-column elementor-element elementor-element-81b84b1\" data-id=\"81b84b1\" data-element_type=\"column\" data-e-type=\"column\">\n\t\t\t<div class=\"elementor-widget-wrap elementor-element-populated\">\n\t\t\t\t\t\t<div class=\"elementor-element elementor-element-abf56d9 elementor-widget elementor-widget-text-editor\" data-id=\"abf56d9\" data-element_type=\"widget\" data-e-type=\"widget\" data-widget_type=\"text-editor.default\">\n\t\t\t\t<div class=\"elementor-widget-container\">\n\t\t\t\t\t\t\t\t\t<p><strong>Welche Voraussetzungen muss ich erf\u00fcllen, um Agrivalor\u00ae nutzen zu k\u00f6nnen?<\/strong><\/p><p>Die Verwendung von Agrivalor\u00ae erfolgt webbasiert und bedarf keiner Installation auf dem Computer. Agrivalor\u00ae l\u00e4uft daher unabh\u00e4ngig vom Betriebssystem. Zwingend notwendig ist die Verf\u00fcgbarkeit eines Webbrowsers (Mozilla Firefox, Edge etc.).<\/p>\t\t\t\t\t\t\t\t<\/div>\n\t\t\t\t<\/div>\n\t\t\t\t\t<\/div>\n\t\t<\/div>\n\t\t\t\t\t<\/div>\n\t\t<\/section>\n\t\t\t\t<\/div>\n\t\t","protected":false},"excerpt":{"rendered":"<p>H\u00e4ufige Fragen Welche Voraussetzungen muss ich erf\u00fcllen, um Agrivalor\u00ae nutzen zu k\u00f6nnen? Die Verwendung von Agrivalor\u00ae erfolgt webbasiert und bedarf keiner Installation auf dem Computer. Agrivalor\u00ae l\u00e4uft daher unabh\u00e4ngig vom Betriebssystem. Zwingend notwendig ist die Verf\u00fcgbarkeit eines Webbrowsers (Mozilla Firefox, Edge etc.).<\/p>\n","protected":false},"author":1,"featured_media":0,"parent":0,"menu_order":0,"comment_status":"closed","ping_status":"closed","template":"","meta":{"_acf_changed":false,"footnotes":""},"class_list":["post-186","page","type-page","status-publish","hentry"],"acf":[],"_links":{"self":[{"href":"https:\/\/agrivalor.ch\/de\/wp-json\/wp\/v2\/pages\/186","targetHints":{"allow":["GET"]}}],"collection":[{"href":"https:\/\/agrivalor.ch\/de\/wp-json\/wp\/v2\/pages"}],"about":[{"href":"https:\/\/agrivalor.ch\/de\/wp-json\/wp\/v2\/types\/page"}],"author":[{"embeddable":true,"href":"https:\/\/agrivalor.ch\/de\/wp-json\/wp\/v2\/users\/1"}],"replies":[{"embeddable":true,"href":"https:\/\/agrivalor.ch\/de\/wp-json\/wp\/v2\/comments?post=186"}],"version-history":[{"count":3,"href":"https:\/\/agrivalor.ch\/de\/wp-json\/wp\/v2\/pages\/186\/revisions"}],"predecessor-version":[{"id":198,"href":"https:\/\/agrivalor.ch\/de\/wp-json\/wp\/v2\/pages\/186\/revisions\/198"}],"wp:attachment":[{"href":"https:\/\/agrivalor.ch\/de\/wp-json\/wp\/v2\/media?parent=186"}],"curies":[{"name":"wp","href":"https:\/\/api.w.org\/{rel}","templated":true}]}}