{"id":297,"date":"2021-02-04T18:49:08","date_gmt":"2021-02-04T18:49:08","guid":{"rendered":"https:\/\/agrivalor.ch\/de\/?page_id=297"},"modified":"2023-02-16T13:14:11","modified_gmt":"2023-02-16T13:14:11","slug":"beispiele-berichte","status":"publish","type":"page","link":"https:\/\/agrivalor.ch\/de\/beispiele-berichte\/","title":{"rendered":"Beispiele Berichte"},"content":{"rendered":"\t\t<div data-elementor-type=\"wp-page\" data-elementor-id=\"297\" class=\"elementor elementor-297\">\n\t\t\t\t\t\t<section class=\"elementor-section elementor-top-section elementor-element elementor-element-3049eec elementor-section-boxed elementor-section-height-default elementor-section-height-default\" data-id=\"3049eec\" data-element_type=\"section\" data-e-type=\"section\">\n\t\t\t\t\t\t<div class=\"elementor-container elementor-column-gap-default\">\n\t\t\t\t\t<div class=\"elementor-column elementor-col-100 elementor-top-column elementor-element elementor-element-659cba7\" data-id=\"659cba7\" data-element_type=\"column\" data-e-type=\"column\">\n\t\t\t<div class=\"elementor-widget-wrap elementor-element-populated\">\n\t\t\t\t\t\t<div class=\"elementor-element elementor-element-0ef8b2b elementor-widget elementor-widget-heading\" data-id=\"0ef8b2b\" data-element_type=\"widget\" data-e-type=\"widget\" data-widget_type=\"heading.default\">\n\t\t\t\t<div class=\"elementor-widget-container\">\n\t\t\t\t\t<h1 class=\"elementor-heading-title elementor-size-default\">Beispiele Berichte<\/h1>\t\t\t\t<\/div>\n\t\t\t\t<\/div>\n\t\t\t\t\t<\/div>\n\t\t<\/div>\n\t\t\t\t\t<\/div>\n\t\t<\/section>\n\t\t\t\t<section class=\"elementor-section elementor-top-section elementor-element elementor-element-e524d9d elementor-section-boxed elementor-section-height-default elementor-section-height-default\" data-id=\"e524d9d\" data-element_type=\"section\" data-e-type=\"section\">\n\t\t\t\t\t\t<div class=\"elementor-container elementor-column-gap-default\">\n\t\t\t\t\t<div class=\"elementor-column elementor-col-100 elementor-top-column elementor-element elementor-element-81b84b1\" data-id=\"81b84b1\" data-element_type=\"column\" data-e-type=\"column\">\n\t\t\t<div class=\"elementor-widget-wrap elementor-element-populated\">\n\t\t\t\t\t\t<div class=\"elementor-element elementor-element-abf56d9 elementor-widget elementor-widget-text-editor\" data-id=\"abf56d9\" data-element_type=\"widget\" data-e-type=\"widget\" data-widget_type=\"text-editor.default\">\n\t\t\t\t<div class=\"elementor-widget-container\">\n\t\t\t\t\t\t\t\t\t<p><a href=\"https:\/\/agrivalor.ch\/de\/wp-content\/uploads\/sites\/2\/2021\/02\/1-Zusammenfassung-Beispiel.pdf\" target=\"_blank\" rel=\"noopener\">1-Beispiel Zusammenfassung\u00a0<\/a><\/p><p><a href=\"https:\/\/agrivalor.ch\/de\/wp-content\/uploads\/sites\/2\/2021\/02\/2-Berechnungsdetail-Beispiel.pdf\" target=\"_blank\" rel=\"noopener\">2-Beispiel Berechnungsdetail<\/a><\/p><p><a href=\"https:\/\/agrivalor.ch\/de\/wp-content\/uploads\/sites\/2\/2021\/02\/3-Pachtzins-Gewerbe-Beispiel.pdf\" target=\"_blank\" rel=\"noopener\">3-Beispiel Pachtzins Gewerbe<\/a><\/p><p><a href=\"https:\/\/agrivalor.ch\/de\/wp-content\/uploads\/sites\/2\/2021\/02\/4-Pachtzins-Grundst\u0411cke-Beispiel.pdf\" target=\"_blank\" rel=\"noopener\">4-Beispiel Pachtzins Grundst\u00fccke<\/a><\/p><p><a href=\"https:\/\/agrivalor.ch\/de\/wp-content\/uploads\/sites\/2\/2023\/02\/1-Zusammenfassung-Beispiel_FR.pdf\">1-R\u00e9sum\u00e9<\/a><\/p><p><a href=\"https:\/\/agrivalor.ch\/de\/wp-content\/uploads\/sites\/2\/2023\/02\/2-Berechnungsdetail-Beispiel_FR.pdf\">2-D\u00e9tail des calculs<\/a><\/p><p><a href=\"https:\/\/agrivalor.ch\/de\/wp-content\/uploads\/sites\/2\/2023\/02\/3-Pachtzins-Gewerbe-Beispiel_FR.pdf\">3-Fermage d&#8217;une entreprise agricole<\/a><\/p><p><a href=\"https:\/\/agrivalor.ch\/de\/wp-content\/uploads\/sites\/2\/2023\/02\/4-Pachtzins-Grundstuecke-Beispiel_FR.pdf\">4-Fermage d&#8217;un immeuble agricole<\/a><\/p><p>\u00a0<\/p>\t\t\t\t\t\t\t\t<\/div>\n\t\t\t\t<\/div>\n\t\t\t\t\t<\/div>\n\t\t<\/div>\n\t\t\t\t\t<\/div>\n\t\t<\/section>\n\t\t\t\t<\/div>\n\t\t","protected":false},"excerpt":{"rendered":"<p>Beispiele Berichte 1-Beispiel Zusammenfassung\u00a0 2-Beispiel Berechnungsdetail 3-Beispiel Pachtzins Gewerbe 4-Beispiel Pachtzins Grundst\u00fccke 1-R\u00e9sum\u00e9 2-D\u00e9tail des calculs 3-Fermage d&#8217;une entreprise agricole 4-Fermage d&#8217;un immeuble agricole \u00a0<\/p>\n","protected":false},"author":1,"featured_media":0,"parent":0,"menu_order":0,"comment_status":"closed","ping_status":"closed","template":"","meta":{"_acf_changed":false,"footnotes":""},"class_list":["post-297","page","type-page","status-publish","hentry"],"acf":[],"_links":{"self":[{"href":"https:\/\/agrivalor.ch\/de\/wp-json\/wp\/v2\/pages\/297","targetHints":{"allow":["GET"]}}],"collection":[{"href":"https:\/\/agrivalor.ch\/de\/wp-json\/wp\/v2\/pages"}],"about":[{"href":"https:\/\/agrivalor.ch\/de\/wp-json\/wp\/v2\/types\/page"}],"author":[{"embeddable":true,"href":"https:\/\/agrivalor.ch\/de\/wp-json\/wp\/v2\/users\/1"}],"replies":[{"embeddable":true,"href":"https:\/\/agrivalor.ch\/de\/wp-json\/wp\/v2\/comments?post=297"}],"version-history":[{"count":15,"href":"https:\/\/agrivalor.ch\/de\/wp-json\/wp\/v2\/pages\/297\/revisions"}],"predecessor-version":[{"id":573,"href":"https:\/\/agrivalor.ch\/de\/wp-json\/wp\/v2\/pages\/297\/revisions\/573"}],"wp:attachment":[{"href":"https:\/\/agrivalor.ch\/de\/wp-json\/wp\/v2\/media?parent=297"}],"curies":[{"name":"wp","href":"https:\/\/api.w.org\/{rel}","templated":true}]}}