{"id":41,"date":"2021-02-03T19:27:24","date_gmt":"2021-02-03T19:27:24","guid":{"rendered":"https:\/\/agrivalor.ch\/de\/?page_id=41"},"modified":"2024-08-16T08:52:22","modified_gmt":"2024-08-16T08:52:22","slug":"home","status":"publish","type":"page","link":"https:\/\/agrivalor.ch\/de\/home\/","title":{"rendered":"Agriexpert"},"content":{"rendered":"\t\t<div data-elementor-type=\"wp-page\" data-elementor-id=\"41\" class=\"elementor elementor-41\">\n\t\t\t\t\t\t<section class=\"elementor-section elementor-top-section elementor-element elementor-element-3049eec elementor-section-boxed elementor-section-height-default elementor-section-height-default\" data-id=\"3049eec\" data-element_type=\"section\" data-e-type=\"section\">\n\t\t\t\t\t\t<div class=\"elementor-container elementor-column-gap-default\">\n\t\t\t\t\t<div class=\"elementor-column elementor-col-100 elementor-top-column elementor-element elementor-element-659cba7\" data-id=\"659cba7\" data-element_type=\"column\" data-e-type=\"column\">\n\t\t\t<div class=\"elementor-widget-wrap elementor-element-populated\">\n\t\t\t\t\t\t<div class=\"elementor-element elementor-element-0ef8b2b elementor-widget elementor-widget-heading\" data-id=\"0ef8b2b\" data-element_type=\"widget\" data-e-type=\"widget\" data-widget_type=\"heading.default\">\n\t\t\t\t<div class=\"elementor-widget-container\">\n\t\t\t\t\t<h1 class=\"elementor-heading-title elementor-size-default\">Agriexpert<\/h1>\t\t\t\t<\/div>\n\t\t\t\t<\/div>\n\t\t\t\t\t<\/div>\n\t\t<\/div>\n\t\t\t\t\t<\/div>\n\t\t<\/section>\n\t\t\t\t<section class=\"elementor-section elementor-top-section elementor-element elementor-element-e524d9d elementor-section-boxed elementor-section-height-default elementor-section-height-default\" data-id=\"e524d9d\" data-element_type=\"section\" data-e-type=\"section\">\n\t\t\t\t\t\t<div class=\"elementor-container elementor-column-gap-default\">\n\t\t\t\t\t<div class=\"elementor-column elementor-col-100 elementor-top-column elementor-element elementor-element-81b84b1\" data-id=\"81b84b1\" data-element_type=\"column\" data-e-type=\"column\">\n\t\t\t<div class=\"elementor-widget-wrap elementor-element-populated\">\n\t\t\t\t\t\t<div class=\"elementor-element elementor-element-abf56d9 elementor-widget elementor-widget-text-editor\" data-id=\"abf56d9\" data-element_type=\"widget\" data-e-type=\"widget\" data-widget_type=\"text-editor.default\">\n\t\t\t\t<div class=\"elementor-widget-container\">\n\t\t\t\t\t\t\t\t\t<p>Agrivalor\u00ae ist ein Produkt von Agriexpert.<\/p><p>Mit einem Zweier-Team begann am 1. Januar 1914 \u2013 und damit vor mehr als 100 Jahren \u2013 die Erfolgsgeschichte des Sch\u00e4tzungsamts des Schweizer Bauernverbands. Bereits 1899 wurde die b\u00e4uerliche Buchstelle gegr\u00fcndet um bessere Einblicke in die Betriebsverh\u00e4ltnisse zu erhalten. Heute nennt sich dieser Dienstleistungsbereich des Schweizer Bauernverbands \u201cAgriexpert\u201d und besch\u00e4ftigt rund 40 Mitarbeitende.<\/p><p>Der Bundesrat hat die Anleitung f\u00fcr die Sch\u00e4tzung des landwirtschaftlichen Ertragswertes auf den 1. April 2018 in Kraft gesetzt.<\/p><p>Mit gewaltigem Aufwand hat die Arbeitsgruppe zur Revision des Ertragswertes zusammen mit der Verwaltung und Agroscope die Sch\u00e4tzungsanleitung \u00fcberarbeitet.<\/p><p>Agriexpert hat in Zusammenarbeit mit der Netkom IT Services GmbH die Software Agrivalor\u00ae zur Berechnung des landwirtschaftlichen Ertragswertes gem\u00e4ss entwickelt. Diese basiert auf der Sch\u00e4tzungsanleitung zur Sch\u00e4tzung des landwirtschaftlichen Ertragswertes vom 31. Januar 2018.<\/p><p>Besuchen Sie unsere Website und erfahren Sie mehr \u00fcber Agriexpert.<\/p>\t\t\t\t\t\t\t\t<\/div>\n\t\t\t\t<\/div>\n\t\t\t\t\t<\/div>\n\t\t<\/div>\n\t\t\t\t\t<\/div>\n\t\t<\/section>\n\t\t\t\t<\/div>\n\t\t","protected":false},"excerpt":{"rendered":"<p>Agriexpert Agrivalor\u00ae ist ein Produkt von Agriexpert. Mit einem Zweier-Team begann am 1. Januar 1914 \u2013 und damit vor mehr als 100 Jahren \u2013 die Erfolgsgeschichte des Sch\u00e4tzungsamts des Schweizer Bauernverbands. Bereits 1899 wurde die b\u00e4uerliche Buchstelle gegr\u00fcndet um bessere Einblicke in die Betriebsverh\u00e4ltnisse zu erhalten. Heute nennt sich dieser Dienstleistungsbereich des Schweizer Bauernverbands \u201cAgriexpert\u201d [&hellip;]<\/p>\n","protected":false},"author":1,"featured_media":0,"parent":0,"menu_order":0,"comment_status":"closed","ping_status":"closed","template":"","meta":{"_acf_changed":false,"footnotes":""},"class_list":["post-41","page","type-page","status-publish","hentry"],"acf":[],"_links":{"self":[{"href":"https:\/\/agrivalor.ch\/de\/wp-json\/wp\/v2\/pages\/41","targetHints":{"allow":["GET"]}}],"collection":[{"href":"https:\/\/agrivalor.ch\/de\/wp-json\/wp\/v2\/pages"}],"about":[{"href":"https:\/\/agrivalor.ch\/de\/wp-json\/wp\/v2\/types\/page"}],"author":[{"embeddable":true,"href":"https:\/\/agrivalor.ch\/de\/wp-json\/wp\/v2\/users\/1"}],"replies":[{"embeddable":true,"href":"https:\/\/agrivalor.ch\/de\/wp-json\/wp\/v2\/comments?post=41"}],"version-history":[{"count":37,"href":"https:\/\/agrivalor.ch\/de\/wp-json\/wp\/v2\/pages\/41\/revisions"}],"predecessor-version":[{"id":161,"href":"https:\/\/agrivalor.ch\/de\/wp-json\/wp\/v2\/pages\/41\/revisions\/161"}],"wp:attachment":[{"href":"https:\/\/agrivalor.ch\/de\/wp-json\/wp\/v2\/media?parent=41"}],"curies":[{"name":"wp","href":"https:\/\/api.w.org\/{rel}","templated":true}]}}