{"id":439,"date":"2021-02-05T14:38:51","date_gmt":"2021-02-05T14:38:51","guid":{"rendered":"https:\/\/agrivalor.ch\/de\/?page_id=439"},"modified":"2021-02-05T14:40:17","modified_gmt":"2021-02-05T14:40:17","slug":"impressum","status":"publish","type":"page","link":"https:\/\/agrivalor.ch\/de\/impressum\/","title":{"rendered":"Impressum"},"content":{"rendered":"\t\t<div data-elementor-type=\"wp-page\" data-elementor-id=\"439\" class=\"elementor elementor-439\">\n\t\t\t\t\t\t<section class=\"elementor-section elementor-top-section elementor-element elementor-element-3049eec elementor-section-boxed elementor-section-height-default elementor-section-height-default\" data-id=\"3049eec\" data-element_type=\"section\" data-e-type=\"section\">\n\t\t\t\t\t\t<div class=\"elementor-container elementor-column-gap-default\">\n\t\t\t\t\t<div class=\"elementor-column elementor-col-100 elementor-top-column elementor-element elementor-element-659cba7\" data-id=\"659cba7\" data-element_type=\"column\" data-e-type=\"column\">\n\t\t\t<div class=\"elementor-widget-wrap elementor-element-populated\">\n\t\t\t\t\t\t<div class=\"elementor-element elementor-element-0ef8b2b elementor-widget elementor-widget-heading\" data-id=\"0ef8b2b\" data-element_type=\"widget\" data-e-type=\"widget\" data-widget_type=\"heading.default\">\n\t\t\t\t<div class=\"elementor-widget-container\">\n\t\t\t\t\t<h1 class=\"elementor-heading-title elementor-size-default\">Impressum<\/h1>\t\t\t\t<\/div>\n\t\t\t\t<\/div>\n\t\t\t\t\t<\/div>\n\t\t<\/div>\n\t\t\t\t\t<\/div>\n\t\t<\/section>\n\t\t\t\t<section class=\"elementor-section elementor-top-section elementor-element elementor-element-e524d9d elementor-section-boxed elementor-section-height-default elementor-section-height-default\" data-id=\"e524d9d\" data-element_type=\"section\" data-e-type=\"section\">\n\t\t\t\t\t\t<div class=\"elementor-container elementor-column-gap-default\">\n\t\t\t\t\t<div class=\"elementor-column elementor-col-100 elementor-top-column elementor-element elementor-element-81b84b1\" data-id=\"81b84b1\" data-element_type=\"column\" data-e-type=\"column\">\n\t\t\t<div class=\"elementor-widget-wrap elementor-element-populated\">\n\t\t\t\t\t\t<div class=\"elementor-element elementor-element-abf56d9 elementor-widget elementor-widget-text-editor\" data-id=\"abf56d9\" data-element_type=\"widget\" data-e-type=\"widget\" data-widget_type=\"text-editor.default\">\n\t\t\t\t<div class=\"elementor-widget-container\">\n\t\t\t\t\t\t\t\t\t<p>Alle auf dieser Website ver\u00f6ffentlichten Beitr\u00e4ge und Abbildungen sind urheberrechtlich gesch\u00fctzt. Jede vom Urheberrechtsgesetz nicht zugelassene Verwertung bedarf vorheriger schriftlicher Zustimmung. Dies gilt insbesondere f\u00fcr Vervielf\u00e4ltigung, Bearbeitung, \u00dcbersetzung, Einspeicherung, Verarbeitung bzw. Wiedergabe von Inhalten in Datenbanken oder anderen elektronischen Medien und Systemen. Fotokopien und Downloads von Webseiten d\u00fcrfen nur f\u00fcr den pers\u00f6nlichen, privaten und nicht kommerziellen Gebrauch hergestellt werden.<\/p><p>Der Anbieter \u00fcbernimmt keine Haftung f\u00fcr die Richtigkeit, Vollst\u00e4ndigkeit und Aktualit\u00e4t der bereitgestellten Informationen. Die Beitr\u00e4ge geben die Meinung des jeweiligen Autors wieder.<\/p><div id=\"c545\" class=\"clearfix coEl coElColPos0 coEltextpic coElColPos0textpic \"><div class=\"csc-textpic-text\"><div class=\"csc-textpicHeader csc-textpicHeader-17\"><p class=\"headerStyle1 header header4 \"><strong>REDAKTION<\/strong><br \/>Schweizer Bauernverband (SBV)<br \/>Agriexpert<br \/>Laurstrasse 10<br \/>5201 Brugg AG<br \/>Tel.: 056 462 51 11<br \/>E-Mail:\u00a0<a href=\"mailto:info@agriexpert.ch\">info@agriexpert.ch<\/a><br \/><a href=\"https:\/\/www.zefix.ch\/de\/search\/entity\/list\/firm\/429308?name=Schweizer%2520Bauernverband%2520(SBV)&amp;searchType=exact\">UID: CHE-108.088.677<\/a><\/p><\/div><\/div><\/div><div id=\"c544\" class=\"clearfix coEl coElColPos0 coEltextpic coElColPos0textpic \"><div class=\"csc-textpic-text\"><div class=\"csc-textpicHeader csc-textpicHeader-17\"><strong>OPEN SOURCE WORDPRESS\/REDAKTIONSSYSTEM<\/strong><br \/>WordPress Website von WordPress<br \/>WordPress ist eine freie Webanwendung zur Verwaltung der Inhalte einer Website.<br \/><a href=\"https:\/\/wordpress.org\/\">www.wordpress.org<\/a><\/div><\/div><\/div>\t\t\t\t\t\t\t\t<\/div>\n\t\t\t\t<\/div>\n\t\t\t\t\t<\/div>\n\t\t<\/div>\n\t\t\t\t\t<\/div>\n\t\t<\/section>\n\t\t\t\t<\/div>\n\t\t","protected":false},"excerpt":{"rendered":"<p>Impressum Alle auf dieser Website ver\u00f6ffentlichten Beitr\u00e4ge und Abbildungen sind urheberrechtlich gesch\u00fctzt. Jede vom Urheberrechtsgesetz nicht zugelassene Verwertung bedarf vorheriger schriftlicher Zustimmung. Dies gilt insbesondere f\u00fcr Vervielf\u00e4ltigung, Bearbeitung, \u00dcbersetzung, Einspeicherung, Verarbeitung bzw. Wiedergabe von Inhalten in Datenbanken oder anderen elektronischen Medien und Systemen. Fotokopien und Downloads von Webseiten d\u00fcrfen nur f\u00fcr den pers\u00f6nlichen, privaten und [&hellip;]<\/p>\n","protected":false},"author":1,"featured_media":0,"parent":0,"menu_order":0,"comment_status":"closed","ping_status":"closed","template":"","meta":{"_acf_changed":false,"footnotes":""},"class_list":["post-439","page","type-page","status-publish","hentry"],"acf":[],"_links":{"self":[{"href":"https:\/\/agrivalor.ch\/de\/wp-json\/wp\/v2\/pages\/439","targetHints":{"allow":["GET"]}}],"collection":[{"href":"https:\/\/agrivalor.ch\/de\/wp-json\/wp\/v2\/pages"}],"about":[{"href":"https:\/\/agrivalor.ch\/de\/wp-json\/wp\/v2\/types\/page"}],"author":[{"embeddable":true,"href":"https:\/\/agrivalor.ch\/de\/wp-json\/wp\/v2\/users\/1"}],"replies":[{"embeddable":true,"href":"https:\/\/agrivalor.ch\/de\/wp-json\/wp\/v2\/comments?post=439"}],"version-history":[{"count":3,"href":"https:\/\/agrivalor.ch\/de\/wp-json\/wp\/v2\/pages\/439\/revisions"}],"predecessor-version":[{"id":442,"href":"https:\/\/agrivalor.ch\/de\/wp-json\/wp\/v2\/pages\/439\/revisions\/442"}],"wp:attachment":[{"href":"https:\/\/agrivalor.ch\/de\/wp-json\/wp\/v2\/media?parent=439"}],"curies":[{"name":"wp","href":"https:\/\/api.w.org\/{rel}","templated":true}]}}